{"id":1617,"date":"2023-10-13T11:09:20","date_gmt":"2023-10-13T11:09:20","guid":{"rendered":"https:\/\/www.frank-werner.com\/?post_type=product&#038;p=1617"},"modified":"2026-04-08T21:08:34","modified_gmt":"2026-04-08T20:08:34","slug":"zauberhafte-toskana-workshop-workshopsprache-deutsch","status":"publish","type":"product","link":"https:\/\/frank-werner.com\/en\/produkt\/zauberhafte-toskana-workshop-workshopsprache-deutsch\/","title":{"rendered":"Zauberhafte Toskana Workshop &#8211; Workshopsprache Deutsch"},"content":{"rendered":"","protected":false},"excerpt":{"rendered":"<p>5 \u2013 t\u00e4giger Fotografie, Workflow und Fine Art Printing Workshop in der Toskana mit Frank Werner inkl. \u00dcbernachtung im DZ zur Einzelbelegung. Wir drucken Eure Bilder direkt in der Toskana auf A2 Fine Art Druckern von Canon oder Epson und Fine Art Hahnem\u00fchle oder Ilford Papier. So kommt Ihr mit beeindruckenden Bilder und neuem Wissen nach Hause.<\/p>\n<p><strong>Der Preis enth\u00e4lt:<\/strong><\/p>\n<ul>\n<li>5 Tage Fotografie, Workflow und Fine-Art Printing Workshop mit Frank Werner<\/li>\n<li>Unterkunft in einem DZ mit Bad zur Einzelnutzung. Optional mit nicht fotografierendem Partner.<\/li>\n<li>t\u00e4gliche Morgen- und Abendsessions zu den sch\u00f6nsten Locations der Toskana<\/li>\n<li>Fotoausfl\u00fcge nach Siena und Pienza<\/li>\n<li>Workshopbetreuung und Fine-Art Druck Sessions mit Cornelia Werner<\/li>\n<li>10 A2 oder 20 A3 Fine Art Prints im Wert von ca. 500-600\u20ac.<\/li>\n<li>Fr\u00fchst\u00fccksverpflegung in der Villa, inkl. Getr\u00e4nken f\u00fcr den Tag.<\/li>\n<li>Die K\u00fcche und den Wein der Toskana erleben<\/li>\n<\/ul>\n<h4>Wir empfehlen eine schnelle Anmeldung &#8211; bisher waren alle unsere Workshops lange vor dem Workshoptermin ausgebucht.<\/h4>\n<p>Bei Fragen ruft uns bitte unter 089-58999750 an.<\/p>\n","protected":false},"featured_media":851,"template":"","meta":[],"product_brand":[],"product_cat":[53],"product_tag":[],"class_list":{"0":"post-1617","1":"product","2":"type-product","3":"status-publish","4":"has-post-thumbnail","6":"product_cat-fine-art-workshops","8":"first","9":"instock","10":"taxable","11":"shipping-taxable","12":"purchasable","13":"product-type-variable"},"exclude_global_add_ons":false,"addons":[{"name":"Nimmst Du Deinen Partner mit?","type":"multiple_choice","position":0,"required":true,"title_format":"label","default":"","description_enable":true,"description":"Nicht fotografierender Partner im selben DZ.","placeholder_enable":false,"placeholder":"","display":"select","restrictions_type":"any_text","adjust_price":false,"price":"","price_type":"flat_fee","restrictions":false,"min":"0","max":"0","options":[{"label":"Ohne Partner","price":"","price_type":"flat_fee","image":0,"visibility":true},{"label":"Mit Partner","price":"300","price_type":"flat_fee","image":0,"visibility":true}],"id":1713463478}],"_links":{"self":[{"href":"https:\/\/frank-werner.com\/en\/wp-json\/wp\/v2\/product\/1617","targetHints":{"allow":["GET"]}}],"collection":[{"href":"https:\/\/frank-werner.com\/en\/wp-json\/wp\/v2\/product"}],"about":[{"href":"https:\/\/frank-werner.com\/en\/wp-json\/wp\/v2\/types\/product"}],"wp:featuredmedia":[{"embeddable":true,"href":"https:\/\/frank-werner.com\/en\/wp-json\/wp\/v2\/media\/851"}],"wp:attachment":[{"href":"https:\/\/frank-werner.com\/en\/wp-json\/wp\/v2\/media?parent=1617"}],"wp:term":[{"taxonomy":"product_brand","embeddable":true,"href":"https:\/\/frank-werner.com\/en\/wp-json\/wp\/v2\/product_brand?post=1617"},{"taxonomy":"product_cat","embeddable":true,"href":"https:\/\/frank-werner.com\/en\/wp-json\/wp\/v2\/product_cat?post=1617"},{"taxonomy":"product_tag","embeddable":true,"href":"https:\/\/frank-werner.com\/en\/wp-json\/wp\/v2\/product_tag?post=1617"}],"curies":[{"name":"wp","href":"https:\/\/api.w.org\/{rel}","templated":true}]}}